{"id":4897,"date":"2025-12-31T12:21:46","date_gmt":"2025-12-31T12:21:46","guid":{"rendered":"https:\/\/praguecastleticket.com\/affiliate-disclosure\/"},"modified":"2026-04-21T08:35:27","modified_gmt":"2026-04-21T08:35:27","slug":"offenlegung","status":"publish","type":"page","link":"https:\/\/praguecastleticket.com\/de\/offenlegung\/","title":{"rendered":"Offenlegung von Affiliate-Links"},"content":{"rendered":"<style>.kadence-column4897_3d73fd-8b > .kt-inside-inner-col,.kadence-column4897_3d73fd-8b > .kt-inside-inner-col:before{border-top-left-radius:0px;border-top-right-radius:0px;border-bottom-right-radius:0px;border-bottom-left-radius:0px;}.kadence-column4897_3d73fd-8b > .kt-inside-inner-col{column-gap:var(--global-kb-gap-sm, 1rem);}.kadence-column4897_3d73fd-8b > .kt-inside-inner-col{flex-direction:column;}.kadence-column4897_3d73fd-8b > .kt-inside-inner-col > .aligncenter{width:100%;}.kadence-column4897_3d73fd-8b > .kt-inside-inner-col:before{opacity:0.3;}.kadence-column4897_3d73fd-8b{position:relative;}@media all and (max-width: 1024px){.kadence-column4897_3d73fd-8b > .kt-inside-inner-col{flex-direction:column;justify-content:center;}}@media all and (max-width: 767px){.kadence-column4897_3d73fd-8b > .kt-inside-inner-col{flex-direction:column;justify-content:center;}}<\/style>\n<div class=\"wp-block-kadence-column kadence-column4897_3d73fd-8b alignfull\"><div class=\"kt-inside-inner-col\"><style>.kadence-column4897_843b82-1f > .kt-inside-inner-col{min-height:25vh;}.kadence-column4897_843b82-1f > .kt-inside-inner-col,.kadence-column4897_843b82-1f > .kt-inside-inner-col:before{border-top-left-radius:0px;border-top-right-radius:0px;border-bottom-right-radius:0px;border-bottom-left-radius:0px;}.kadence-column4897_843b82-1f > .kt-inside-inner-col{column-gap:var(--global-kb-gap-sm, 1rem);}.kadence-column4897_843b82-1f > .kt-inside-inner-col{flex-direction:column;}.kadence-column4897_843b82-1f > .kt-inside-inner-col > .aligncenter{width:100%;}.kadence-column4897_843b82-1f > .kt-inside-inner-col{background-image:url('https:\/\/praguecastleticket.com\/wp-content\/uploads\/2025\/01\/Prague-Castle-Ticket-Mobile.jpg');background-size:cover;background-position:49% 10%;background-attachment:scroll;background-repeat:no-repeat;}.kadence-column4897_843b82-1f > .kt-inside-inner-col:before{opacity:0.3;}.kadence-column4897_843b82-1f{position:relative;}@media all and (max-width: 1024px){.kadence-column4897_843b82-1f > .kt-inside-inner-col{flex-direction:column;justify-content:center;}}@media all and (max-width: 767px){.kadence-column4897_843b82-1f > .kt-inside-inner-col{flex-direction:column;justify-content:center;}}<\/style>\n<div class=\"wp-block-kadence-column kadence-column4897_843b82-1f kvs-lg-false kvs-md-false alignfull\"><div class=\"kt-inside-inner-col\"><\/div><\/div>\n\n\n<style>.kadence-column4897_d9d456-5a{max-width:595px;margin-left:auto;margin-right:auto;}.wp-block-kadence-column.kb-section-dir-horizontal:not(.kb-section-md-dir-vertical)>.kt-inside-inner-col>.kadence-column4897_d9d456-5a{-webkit-flex:0 1 595px;flex:0 1 595px;max-width:unset;margin-left:unset;margin-right:unset;}.kadence-column4897_d9d456-5a > .kt-inside-inner-col,.kadence-column4897_d9d456-5a > .kt-inside-inner-col:before{border-top-left-radius:0px;border-top-right-radius:0px;border-bottom-right-radius:0px;border-bottom-left-radius:0px;}.kadence-column4897_d9d456-5a > .kt-inside-inner-col{column-gap:var(--global-kb-gap-sm, 1rem);}.kadence-column4897_d9d456-5a > .kt-inside-inner-col{flex-direction:column;}.kadence-column4897_d9d456-5a > .kt-inside-inner-col > .aligncenter{width:100%;}.kadence-column4897_d9d456-5a > .kt-inside-inner-col:before{opacity:0.3;}.kadence-column4897_d9d456-5a{position:relative;}.kadence-column4897_d9d456-5a, .kt-inside-inner-col > .kadence-column4897_d9d456-5a:not(.specificity){margin-right:10vw;margin-left:10vw;}@media all and (min-width: 1025px){.wp-block-kadence-column.kb-section-dir-horizontal>.kt-inside-inner-col>.kadence-column4897_d9d456-5a{-webkit-flex:0 1 595px;flex:0 1 595px;max-width:unset;margin-left:unset;margin-right:unset;}}@media all and (max-width: 1024px){.kadence-column4897_d9d456-5a > .kt-inside-inner-col{flex-direction:column;justify-content:center;}}@media all and (max-width: 767px){.wp-block-kadence-column.kb-section-sm-dir-vertical:not(.kb-section-sm-dir-horizontal):not(.kb-section-sm-dir-specificity)>.kt-inside-inner-col>.kadence-column4897_d9d456-5a{max-width:595px;-webkit-flex:1;flex:1;margin-left:auto;margin-right:auto;}.kadence-column4897_d9d456-5a > .kt-inside-inner-col{flex-direction:column;justify-content:center;}}<\/style>\n<div class=\"wp-block-kadence-column kadence-column4897_d9d456-5a kvs-lg-false kvs-md-false pagetitlebox\"><div class=\"kt-inside-inner-col\"><style>.wp-block-kadence-advancedheading.kt-adv-heading4897_c3497f-be, .wp-block-kadence-advancedheading.kt-adv-heading4897_c3497f-be[data-kb-block=\"kb-adv-heading4897_c3497f-be\"]{padding-top:var(--global-kb-spacing-md, 2rem);padding-right:var(--global-kb-spacing-md, 2rem);padding-bottom:var(--global-kb-spacing-md, 2rem);padding-left:var(--global-kb-spacing-md, 2rem);margin-top:-50px;text-align:center;font-size:var(--global-kb-font-size-md, 1.25rem);font-style:normal;background-color:#ffffff;border-top-left-radius:20px;border-top-right-radius:20px;border-bottom-right-radius:20px;border-bottom-left-radius:20px;}.wp-block-kadence-advancedheading.kt-adv-heading4897_c3497f-be mark.kt-highlight, .wp-block-kadence-advancedheading.kt-adv-heading4897_c3497f-be[data-kb-block=\"kb-adv-heading4897_c3497f-be\"] mark.kt-highlight{font-style:normal;color:#f76a0c;-webkit-box-decoration-break:clone;box-decoration-break:clone;padding-top:0px;padding-right:0px;padding-bottom:0px;padding-left:0px;}.wp-block-kadence-advancedheading.kt-adv-heading4897_c3497f-be img.kb-inline-image, .wp-block-kadence-advancedheading.kt-adv-heading4897_c3497f-be[data-kb-block=\"kb-adv-heading4897_c3497f-be\"] img.kb-inline-image{width:150px;vertical-align:baseline;}<\/style>\n<h2 class=\"kt-adv-heading4897_c3497f-be wp-block-kadence-advancedheading has-kb-palette-0-color has-text-color\" data-kb-block=\"kb-adv-heading4897_c3497f-be\"><strong><strong>Offenlegung von Affiliate-Links<\/strong><\/strong><\/h2>\n<\/div><\/div>\n\n\n<style>.kadence-column4897_d78ae0-c1 > .kt-inside-inner-col{min-height:45vh;}.kadence-column4897_d78ae0-c1 > .kt-inside-inner-col,.kadence-column4897_d78ae0-c1 > .kt-inside-inner-col:before{border-top-left-radius:0px;border-top-right-radius:0px;border-bottom-right-radius:0px;border-bottom-left-radius:0px;}.kadence-column4897_d78ae0-c1 > .kt-inside-inner-col{column-gap:var(--global-kb-gap-sm, 1rem);}.kadence-column4897_d78ae0-c1 > .kt-inside-inner-col{flex-direction:column;}.kadence-column4897_d78ae0-c1 > .kt-inside-inner-col > .aligncenter{width:100%;}.kadence-column4897_d78ae0-c1 > .kt-inside-inner-col{background-image:url('https:\/\/praguecastleticket.com\/wp-content\/uploads\/2025\/01\/Prague-Castle-Ticket.jpg');background-size:cover;background-position:49% 10%;background-attachment:scroll;background-repeat:no-repeat;}.kadence-column4897_d78ae0-c1 > .kt-inside-inner-col:before{opacity:0.3;}.kadence-column4897_d78ae0-c1{position:relative;}@media all and (max-width: 1024px){.kadence-column4897_d78ae0-c1 > .kt-inside-inner-col{flex-direction:column;justify-content:center;}}@media all and (max-width: 767px){.kadence-column4897_d78ae0-c1 > .kt-inside-inner-col{flex-direction:column;justify-content:center;}}<\/style>\n<div class=\"wp-block-kadence-column kadence-column4897_d78ae0-c1 kvs-sm-false alignfull\"><div class=\"kt-inside-inner-col\"><\/div><\/div>\n\n\n<style>.kadence-column4897_e03887-86{max-width:595px;margin-left:auto;margin-right:auto;}.wp-block-kadence-column.kb-section-dir-horizontal:not(.kb-section-md-dir-vertical)>.kt-inside-inner-col>.kadence-column4897_e03887-86{-webkit-flex:0 1 595px;flex:0 1 595px;max-width:unset;margin-left:unset;margin-right:unset;}.kadence-column4897_e03887-86 > .kt-inside-inner-col,.kadence-column4897_e03887-86 > .kt-inside-inner-col:before{border-top-left-radius:0px;border-top-right-radius:0px;border-bottom-right-radius:0px;border-bottom-left-radius:0px;}.kadence-column4897_e03887-86 > .kt-inside-inner-col{column-gap:var(--global-kb-gap-sm, 1rem);}.kadence-column4897_e03887-86 > .kt-inside-inner-col{flex-direction:column;}.kadence-column4897_e03887-86 > .kt-inside-inner-col > .aligncenter{width:100%;}.kadence-column4897_e03887-86 > .kt-inside-inner-col:before{opacity:0.3;}.kadence-column4897_e03887-86{position:relative;}@media all and (min-width: 1025px){.wp-block-kadence-column.kb-section-dir-horizontal>.kt-inside-inner-col>.kadence-column4897_e03887-86{-webkit-flex:0 1 595px;flex:0 1 595px;max-width:unset;margin-left:unset;margin-right:unset;}}@media all and (max-width: 1024px){.kadence-column4897_e03887-86 > .kt-inside-inner-col{flex-direction:column;justify-content:center;}}@media all and (max-width: 767px){.wp-block-kadence-column.kb-section-sm-dir-vertical:not(.kb-section-sm-dir-horizontal):not(.kb-section-sm-dir-specificity)>.kt-inside-inner-col>.kadence-column4897_e03887-86{max-width:595px;-webkit-flex:1;flex:1;margin-left:auto;margin-right:auto;}.kadence-column4897_e03887-86 > .kt-inside-inner-col{flex-direction:column;justify-content:center;}}<\/style>\n<div class=\"wp-block-kadence-column kadence-column4897_e03887-86 kvs-sm-false pagetitlebox\"><div class=\"kt-inside-inner-col\"><style>.wp-block-kadence-advancedheading.kt-adv-heading4897_07cd97-2a, .wp-block-kadence-advancedheading.kt-adv-heading4897_07cd97-2a[data-kb-block=\"kb-adv-heading4897_07cd97-2a\"]{padding-top:var(--global-kb-spacing-md, 2rem);padding-right:var(--global-kb-spacing-md, 2rem);padding-bottom:var(--global-kb-spacing-md, 2rem);padding-left:var(--global-kb-spacing-md, 2rem);margin-top:-50px;text-align:center;font-style:normal;background-color:#ffffff;border-top-left-radius:20px;border-top-right-radius:20px;border-bottom-right-radius:20px;border-bottom-left-radius:20px;}.wp-block-kadence-advancedheading.kt-adv-heading4897_07cd97-2a mark.kt-highlight, .wp-block-kadence-advancedheading.kt-adv-heading4897_07cd97-2a[data-kb-block=\"kb-adv-heading4897_07cd97-2a\"] mark.kt-highlight{font-style:normal;color:#f76a0c;-webkit-box-decoration-break:clone;box-decoration-break:clone;padding-top:0px;padding-right:0px;padding-bottom:0px;padding-left:0px;}.wp-block-kadence-advancedheading.kt-adv-heading4897_07cd97-2a img.kb-inline-image, .wp-block-kadence-advancedheading.kt-adv-heading4897_07cd97-2a[data-kb-block=\"kb-adv-heading4897_07cd97-2a\"] img.kb-inline-image{width:150px;vertical-align:baseline;}<\/style>\n<h2 class=\"kt-adv-heading4897_07cd97-2a wp-block-kadence-advancedheading has-kb-palette-0-color has-text-color\" data-kb-block=\"kb-adv-heading4897_07cd97-2a\"><strong><strong>Offenlegung von Affiliate-Links<\/strong><\/strong><\/h2>\n<\/div><\/div>\n<\/div><\/div>\n\n\n<style>.kadence-column4897_420671-26 > .kt-inside-inner-col,.kadence-column4897_420671-26 > .kt-inside-inner-col:before{border-top-left-radius:0px;border-top-right-radius:0px;border-bottom-right-radius:0px;border-bottom-left-radius:0px;}.kadence-column4897_420671-26 > .kt-inside-inner-col{column-gap:var(--global-kb-gap-sm, 1rem);}.kadence-column4897_420671-26 > .kt-inside-inner-col{flex-direction:column;}.kadence-column4897_420671-26 > .kt-inside-inner-col > .aligncenter{width:100%;}.kadence-column4897_420671-26 > .kt-inside-inner-col:before{opacity:0.3;}.kadence-column4897_420671-26{position:relative;}@media all and (max-width: 1024px){.kadence-column4897_420671-26 > .kt-inside-inner-col{flex-direction:column;justify-content:center;}}@media all and (max-width: 767px){.kadence-column4897_420671-26 > .kt-inside-inner-col{flex-direction:column;justify-content:center;}}<\/style>\n<div class=\"wp-block-kadence-column kadence-column4897_420671-26 alignwide\"><div class=\"kt-inside-inner-col\">\n<p>Bei PragueCastleTicket.com ist es unser Ziel, Ihnen hochwertige Reiseinhalte zur Verf\u00fcgung zu stellen, die Ihnen bei der Planung und dem Genuss Ihrer Reisen helfen. Um unsere Bem\u00fchungen zur Pflege und Weiterentwicklung dieser Website zu unterst\u00fctzen, verwenden wir in unseren Inhalten Affiliate-Links. Das bedeutet: Wenn Sie sich entscheiden, \u00fcber einen der Links auf unserer Website einen Kauf zu t\u00e4tigen, erhalten wir m\u00f6glicherweise eine kleine Provision. F\u00fcr Sie entstehen dabei keine zus\u00e4tzlichen Kosten, und es hilft uns, die Inhalte kostenlos und auf dem neuesten Stand zu halten.<\/p>\n\n\n\n<p><strong>Warum wir Affiliate-Links verwenden<\/strong><\/p>\n\n\n\n<p>Der Betrieb einer Website erfordert Zeit und Ressourcen, und Affiliate-Partnerschaften erm\u00f6glichen es uns, unsere Arbeit zu finanzieren. Es ist wichtig zu wissen, dass wir nur Produkte, Touren und Dienstleistungen empfehlen, von denen wir wirklich \u00fcberzeugt sind, dass sie Ihr Reiseerlebnis bereichern. Wir w\u00e4hlen unsere Affiliate-Partner sorgf\u00e4ltig aus und pr\u00fcfen sie, um sicherzustellen, dass sie den Standards und Interessen unserer Leser entsprechen.<\/p>\n\n\n\n<p><strong>Partnerunternehmen<\/strong><\/p>\n\n\n\n<p>Zu unseren bew\u00e4hrten Affiliate-Partnern z\u00e4hlen unter anderem:<\/p>\n\n\n\n<ul class=\"wp-block-list\">\n<li>GetYourGuide<\/li>\n\n\n\n<li>Tiqets<\/li>\n\n\n\n<li>Headout<\/li>\n\n\n\n<li>Viator<\/li>\n\n\n\n<li>Platinumlist<\/li>\n\n\n\n<li>Civitatis<\/li>\n\n\n\n<li>Holafly<\/li>\n\n\n\n<li>Booking.com<\/li>\n\n\n\n<li>Megapass<\/li>\n\n\n\n<li>Musement<\/li>\n<\/ul>\n\n\n\n<p>Bitte beachten Sie, dass wir diese Liste m\u00f6glicherweise aktualisieren, sobald wir Partnerschaften mit neuen Unternehmen eingehen, denen wir vertrauen und die wir empfehlen.<\/p>\n\n\n\n<p><strong>Verpflichtung zur Ehrlichkeit<\/strong><\/p>\n\n\n\n<p>Wir m\u00f6chten, dass Sie unseren Empfehlungen vertrauen k\u00f6nnen. Auch wenn wir durch Provisionen unsere Arbeit finanzieren, hat dies keinerlei Einfluss auf die Inhalte, Themen oder Produkte, die wir empfehlen. Unser Hauptanliegen ist es, Ihnen hilfreiche, ehrliche und korrekte Informationen f\u00fcr Ihre Reisen zu liefern. Jedes Produkt und jede Dienstleistung, f\u00fcr die wir werben, w\u00fcrden wir auch selbst nutzen oder Freunden und Familie weiterempfehlen.<\/p>\n\n\n\n<p><strong>Ihre Unterst\u00fctzung ist wichtig<\/strong><\/p>\n\n\n\n<p>Wenn Sie unsere Affiliate-Links nutzen, unterst\u00fctzen Sie damit die Inhalte und Ressourcen, die wir hier auf PragueCastleTicket.com anbieten, und wir sind Ihnen f\u00fcr Ihr Vertrauen und Ihre Unterst\u00fctzung sehr dankbar. So k\u00f6nnen wir Ihnen weiterhin Tipps, Ratgeber und Empfehlungen zur Verf\u00fcgung stellen, von denen wir hoffen, dass sie Ihre Reiseerlebnisse bereichern.<\/p>\n<\/div><\/div>\n\n\n\n<div style=\"color:#ddd\" class=\"wp-block-genesis-blocks-gb-spacer gb-block-spacer gb-divider-solid gb-divider-size-1\"><hr style=\"height:30px\"\/><\/div>\n","protected":false},"excerpt":{"rendered":"<p>Offenlegung von Affiliate-Links Offenlegung von Affiliate-Links Bei PragueCastleTicket.com ist es unser Ziel, Ihnen hochwertige Reiseinhalte zur Verf\u00fcgung zu stellen, die Ihnen bei der Planung und dem Genuss Ihrer Reisen helfen. Um unsere Bem\u00fchungen zur Pflege und Weiterentwicklung dieser Website zu unterst\u00fctzen, verwenden wir in unseren Inhalten Affiliate-Links. Das bedeutet: Wenn Sie sich entscheiden, \u00fcber einen [&hellip;]<\/p>\n","protected":false},"author":2,"featured_media":2488,"parent":0,"menu_order":0,"comment_status":"closed","ping_status":"closed","template":"","meta":{"_genesis_hide_title":false,"_genesis_hide_breadcrumbs":false,"_genesis_hide_singular_image":false,"_genesis_hide_footer_widgets":false,"_genesis_custom_body_class":"","_genesis_custom_post_class":"","_genesis_layout":"","footnotes":""},"class_list":{"0":"post-4897","1":"page","2":"type-page","3":"status-publish","4":"has-post-thumbnail","6":"entry"},"featured_image_src":"https:\/\/praguecastleticket.com\/wp-content\/uploads\/2025\/01\/Prague-Castle-Ticket-600x400.jpg","featured_image_src_square":"https:\/\/praguecastleticket.com\/wp-content\/uploads\/2025\/01\/Prague-Castle-Ticket-600x600.jpg","_links":{"self":[{"href":"https:\/\/praguecastleticket.com\/de\/wp-json\/wp\/v2\/pages\/4897","targetHints":{"allow":["GET"]}}],"collection":[{"href":"https:\/\/praguecastleticket.com\/de\/wp-json\/wp\/v2\/pages"}],"about":[{"href":"https:\/\/praguecastleticket.com\/de\/wp-json\/wp\/v2\/types\/page"}],"author":[{"embeddable":true,"href":"https:\/\/praguecastleticket.com\/de\/wp-json\/wp\/v2\/users\/2"}],"replies":[{"embeddable":true,"href":"https:\/\/praguecastleticket.com\/de\/wp-json\/wp\/v2\/comments?post=4897"}],"version-history":[{"count":1,"href":"https:\/\/praguecastleticket.com\/de\/wp-json\/wp\/v2\/pages\/4897\/revisions"}],"predecessor-version":[{"id":4899,"href":"https:\/\/praguecastleticket.com\/de\/wp-json\/wp\/v2\/pages\/4897\/revisions\/4899"}],"wp:featuredmedia":[{"embeddable":true,"href":"https:\/\/praguecastleticket.com\/de\/wp-json\/wp\/v2\/media\/2488"}],"wp:attachment":[{"href":"https:\/\/praguecastleticket.com\/de\/wp-json\/wp\/v2\/media?parent=4897"}],"curies":[{"name":"wp","href":"https:\/\/api.w.org\/{rel}","templated":true}]}}